{"id":15377,"date":"2025-01-14T14:10:57","date_gmt":"2025-01-14T14:10:57","guid":{"rendered":"https:\/\/dev.onzesurdix.ca\/onzesurdix\/?page_id=15377"},"modified":"2025-08-26T14:52:18","modified_gmt":"2025-08-26T14:52:18","slug":"design-graphique","status":"publish","type":"page","link":"https:\/\/dev.onzesurdix.ca\/onzesurdix\/design-graphique\/","title":{"rendered":"Design graphique"},"content":{"rendered":"<div id=\"cmsmasters_row_pyr62arqwt\" class=\"cmsmasters_row cmsmasters_color_scheme_default cmsmasters_row_top_default cmsmasters_row_bot_default cmsmasters_row_fullwidth\">\n<div class=\"cmsmasters_row_outer_parent\">\n<div class=\"cmsmasters_row_outer\">\n<div class=\"cmsmasters_row_inner cmsmasters_row_fullwidth\">\n<div class=\"cmsmasters_row_margin\">\n<div id=\"cmsmasters_column_yrudbn78g\" class=\"cmsmasters_column one_first\">\n<div class=\"cmsmasters_column_inner\">\n<div class=\"cmsmasters_slider\">\n\t\t\t<!-- START Main Slider REVOLUTION SLIDER 6.6.13 --><p class=\"rs-p-wp-fix\"><\/p>\n\t\t\t<rs-module-wrap id=\"rev_slider_2_1_wrapper\" data-source=\"gallery\" style=\"visibility:hidden;background:#1d1d1f;padding:0;\">\n\t\t\t\t<rs-module id=\"rev_slider_2_1\" style=\"\" data-version=\"6.6.13\">\n\t\t\t\t\t<rs-slides style=\"overflow: hidden; position: absolute;\">\n\t\t\t\t\t\t<rs-slide style=\"position: absolute;\" data-key=\"rs-2\" data-title=\"Slide\" data-in=\"o:0;\" data-out=\"a:false;\">\n\t\t\t\t\t\t\t<img fetchpriority=\"high\" decoding=\"async\" src=\"\/\/dev.onzesurdix.ca\/onzesurdix\/wp-content\/plugins\/revslider\/public\/assets\/assets\/dummy.png\" alt=\"\" title=\"onzesurdix-2026_2.jpeg\" width=\"2560\" height=\"1440\" class=\"rev-slidebg tp-rs-img rs-lazyload\" data-lazyload=\"\/\/dev.onzesurdix.ca\/onzesurdix\/wp-content\/uploads\/revslider\/video-media\/onzesurdix-2026_2-scaled.jpeg\" data-parallax=\"off\" data-no-retina>\n\t\t\t\t\t\t\t<rs-bgvideo \n\t\t\t\t\t\t\t\tdata-video=\"w:100%;h:100%;nse:false;l:true;ptimer:false;vfc:true;\"\n\t\t\t\t\t\t\t\tdata-mp4=\"\/\/dev.onzesurdix.ca\/onzesurdix\/wp-content\/uploads\/2025\/08\/onzesurdix-2026.mp4\"\n\t\t\t\t\t\t\t><\/rs-bgvideo>\n<!--\n\t\t\t\t\t\t\t--><rs-layer\n\t\t\t\t\t\t\t\tid=\"slider-2-slide-2-layer-0\" \n\t\t\t\t\t\t\t\tclass=\"text-shadow-1\"\n\t\t\t\t\t\t\t\tdata-type=\"text\"\n\t\t\t\t\t\t\t\tdata-color=\"#f9fcff\"\n\t\t\t\t\t\t\t\tdata-rsp_ch=\"on\"\n\t\t\t\t\t\t\t\tdata-xy=\"xo:804px,393px,179px,148px;yo:270px,132px,67px,51px;\"\n\t\t\t\t\t\t\t\tdata-text=\"w:normal;s:171,83,42,42;l:190,93,47,31;ls:-3.6px,-1px,0px,0px;fw:700;\"\n\t\t\t\t\t\t\t\tdata-frame_0=\"x:right;\"\n\t\t\t\t\t\t\t\tdata-frame_1=\"st:1490;sp:1000;sR:1490;\"\n\t\t\t\t\t\t\t\tdata-frame_999=\"o:0;st:w;sR:6510;\"\n\t\t\t\t\t\t\t\tstyle=\"z-index:13;font-family:'Montserrat';\"\n\t\t\t\t\t\t\t>z \n\t\t\t\t\t\t\t<\/rs-layer><!--\n\n\t\t\t\t\t\t\t--><rs-layer\n\t\t\t\t\t\t\t\tid=\"slider-2-slide-2-layer-1\" \n\t\t\t\t\t\t\t\tclass=\"text-shadow-1\"\n\t\t\t\t\t\t\t\tdata-type=\"text\"\n\t\t\t\t\t\t\t\tdata-color=\"#f9fcff\"\n\t\t\t\t\t\t\t\tdata-rsp_ch=\"on\"\n\t\t\t\t\t\t\t\tdata-xy=\"xo:298px,145px,51px,161px;yo:382px,187px,102px,80px;\"\n\t\t\t\t\t\t\t\tdata-text=\"w:normal;s:171,83,42,42;l:190,93,47,31;ls:-3.6px,-1px,0px,0px;fw:700;\"\n\t\t\t\t\t\t\t\tdata-frame_0=\"x:right;\"\n\t\t\t\t\t\t\t\tdata-frame_1=\"st:1670;sp:1000;sR:1670;\"\n\t\t\t\t\t\t\t\tdata-frame_999=\"o:0;st:w;sR:6330;\"\n\t\t\t\t\t\t\t\tstyle=\"z-index:14;font-family:'Montserrat';\"\n\t\t\t\t\t\t\t>s \n\t\t\t\t\t\t\t<\/rs-layer><!--\n\n\t\t\t\t\t\t\t--><rs-layer\n\t\t\t\t\t\t\t\tid=\"slider-2-slide-2-layer-2\" \n\t\t\t\t\t\t\t\tclass=\"text-shadow-1\"\n\t\t\t\t\t\t\t\tdata-type=\"text\"\n\t\t\t\t\t\t\t\tdata-color=\"#f9fcff\"\n\t\t\t\t\t\t\t\tdata-rsp_ch=\"on\"\n\t\t\t\t\t\t\t\tdata-xy=\"xo:371px,181px,73px,140px;yo:385px,188px,102px,80px;\"\n\t\t\t\t\t\t\t\tdata-text=\"w:normal;s:171,83,42,42;l:190,93,47,31;ls:-3.6px,-1px,0px,0px;fw:700;\"\n\t\t\t\t\t\t\t\tdata-frame_0=\"x:right;\"\n\t\t\t\t\t\t\t\tdata-frame_1=\"st:1870;sp:1000;sR:1870;\"\n\t\t\t\t\t\t\t\tdata-frame_999=\"o:0;st:w;sR:6130;\"\n\t\t\t\t\t\t\t\tstyle=\"z-index:15;font-family:'Montserrat';\"\n\t\t\t\t\t\t\t>u \n\t\t\t\t\t\t\t<\/rs-layer><!--\n\n\t\t\t\t\t\t\t--><rs-layer\n\t\t\t\t\t\t\t\tid=\"slider-2-slide-2-layer-3\" \n\t\t\t\t\t\t\t\tclass=\"text-shadow-1\"\n\t\t\t\t\t\t\t\tdata-type=\"text\"\n\t\t\t\t\t\t\t\tdata-color=\"#f9fcff\"\n\t\t\t\t\t\t\t\tdata-rsp_ch=\"on\"\n\t\t\t\t\t\t\t\tdata-xy=\"xo:459px,224px,99px,73px;yo:385px,188px,102px,80px;\"\n\t\t\t\t\t\t\t\tdata-text=\"w:normal;s:171,83,42,42;l:190,93,47,31;ls:-3.6px,-1px,0px,0px;fw:700;\"\n\t\t\t\t\t\t\t\tdata-frame_0=\"x:right;\"\n\t\t\t\t\t\t\t\tdata-frame_1=\"st:2070;sp:1000;sR:2070;\"\n\t\t\t\t\t\t\t\tdata-frame_999=\"o:0;st:w;sR:5930;\"\n\t\t\t\t\t\t\t\tstyle=\"z-index:16;font-family:'Montserrat';\"\n\t\t\t\t\t\t\t>r \n\t\t\t\t\t\t\t<\/rs-layer><!--\n\n\t\t\t\t\t\t\t--><rs-layer\n\t\t\t\t\t\t\t\tid=\"slider-2-slide-2-layer-4\" \n\t\t\t\t\t\t\t\tclass=\"text-shadow-1\"\n\t\t\t\t\t\t\t\tdata-type=\"text\"\n\t\t\t\t\t\t\t\tdata-color=\"#f9fcff\"\n\t\t\t\t\t\t\t\tdata-rsp_ch=\"on\"\n\t\t\t\t\t\t\t\tdata-xy=\"xo:535px,261px,123px,96px;yo:385px,188px,102px,80px;\"\n\t\t\t\t\t\t\t\tdata-text=\"w:normal;s:171,83,42,42;l:190,93,47,31;ls:-3.6px,-1px,0px,0px;fw:700;\"\n\t\t\t\t\t\t\t\tdata-frame_0=\"x:right;\"\n\t\t\t\t\t\t\t\tdata-frame_1=\"st:2280;sp:1000;sR:2280;\"\n\t\t\t\t\t\t\t\tdata-frame_999=\"o:0;st:w;sR:5720;\"\n\t\t\t\t\t\t\t\tstyle=\"z-index:17;font-family:'Montserrat';\"\n\t\t\t\t\t\t\t>n \n\t\t\t\t\t\t\t<\/rs-layer><!--\n\n\t\t\t\t\t\t\t--><rs-layer\n\t\t\t\t\t\t\t\tid=\"slider-2-slide-2-layer-5\" \n\t\t\t\t\t\t\t\tclass=\"text-shadow-1\"\n\t\t\t\t\t\t\t\tdata-type=\"text\"\n\t\t\t\t\t\t\t\tdata-color=\"#f9fcff\"\n\t\t\t\t\t\t\t\tdata-rsp_ch=\"on\"\n\t\t\t\t\t\t\t\tdata-xy=\"xo:623px,305px,144px,118px;yo:385px,188px,102px,80px;\"\n\t\t\t\t\t\t\t\tdata-text=\"w:normal;s:171,83,42,42;l:190,93,47,31;ls:-3.6px,-1px,0px,0px;fw:700;\"\n\t\t\t\t\t\t\t\tdata-frame_0=\"x:right;\"\n\t\t\t\t\t\t\t\tdata-frame_1=\"st:2500;sp:1000;sR:2500;\"\n\t\t\t\t\t\t\t\tdata-frame_999=\"o:0;st:w;sR:5500;\"\n\t\t\t\t\t\t\t\tstyle=\"z-index:18;font-family:'Montserrat';\"\n\t\t\t\t\t\t\t>o \n\t\t\t\t\t\t\t<\/rs-layer><!--\n\n\t\t\t\t\t\t\t--><rs-layer\n\t\t\t\t\t\t\t\tid=\"slider-2-slide-2-layer-6\" \n\t\t\t\t\t\t\t\tclass=\"text-shadow-1\"\n\t\t\t\t\t\t\t\tdata-type=\"text\"\n\t\t\t\t\t\t\t\tdata-color=\"#f9fcff\"\n\t\t\t\t\t\t\t\tdata-rsp_ch=\"on\"\n\t\t\t\t\t\t\t\tdata-xy=\"xo:708px,346px,164px,48px;yo:385px,188px,102px,80px;\"\n\t\t\t\t\t\t\t\tdata-text=\"w:normal;s:171,83,42,42;l:190,93,47,31;ls:-3.6px,-1px,0px,0px;fw:700;\"\n\t\t\t\t\t\t\t\tdata-frame_0=\"x:right;\"\n\t\t\t\t\t\t\t\tdata-frame_1=\"st:2680;sp:1000;sR:2680;\"\n\t\t\t\t\t\t\t\tdata-frame_999=\"o:0;st:w;sR:5320;\"\n\t\t\t\t\t\t\t\tstyle=\"z-index:19;font-family:'Montserrat';\"\n\t\t\t\t\t\t\t>u \n\t\t\t\t\t\t\t<\/rs-layer><!--\n\n\t\t\t\t\t\t\t--><rs-layer\n\t\t\t\t\t\t\t\tid=\"slider-2-slide-2-layer-7\" \n\t\t\t\t\t\t\t\tclass=\"text-shadow-1\"\n\t\t\t\t\t\t\t\tdata-type=\"text\"\n\t\t\t\t\t\t\t\tdata-color=\"#f9fcff\"\n\t\t\t\t\t\t\t\tdata-rsp_ch=\"on\"\n\t\t\t\t\t\t\t\tdata-xy=\"xo:799px,391px,188px,27px;yo:385px,188px,102px,80px;\"\n\t\t\t\t\t\t\t\tdata-text=\"w:normal;s:171,83,42,42;l:190,93,47,31;ls:-3.6px,-1px,0px,0px;fw:700;\"\n\t\t\t\t\t\t\t\tdata-frame_0=\"x:right;\"\n\t\t\t\t\t\t\t\tdata-frame_1=\"st:2870;sp:1000;sR:2870;\"\n\t\t\t\t\t\t\t\tdata-frame_999=\"o:0;st:w;sR:5130;\"\n\t\t\t\t\t\t\t\tstyle=\"z-index:20;font-family:'Montserrat';\"\n\t\t\t\t\t\t\t>s \n\t\t\t\t\t\t\t<\/rs-layer><!--\n\n\t\t\t\t\t\t\t--><rs-layer\n\t\t\t\t\t\t\t\tid=\"slider-2-slide-2-layer-24\" \n\t\t\t\t\t\t\t\tclass=\"text-shadow-1\"\n\t\t\t\t\t\t\t\tdata-type=\"text\"\n\t\t\t\t\t\t\t\tdata-color=\"#f9fcff\"\n\t\t\t\t\t\t\t\tdata-rsp_ch=\"on\"\n\t\t\t\t\t\t\t\tdata-xy=\"xo:300px,146px,49px,24px;yo:270px,132px,67px,51px;\"\n\t\t\t\t\t\t\t\tdata-text=\"w:normal;s:171,83,42,42;l:190,93,47,31;ls:-3.6px,-1px,0px,0px;fw:700;\"\n\t\t\t\t\t\t\t\tdata-frame_0=\"x:right;\"\n\t\t\t\t\t\t\t\tdata-frame_1=\"st:300;sp:1000;sR:300;\"\n\t\t\t\t\t\t\t\tdata-frame_999=\"o:0;st:w;sR:7700;\"\n\t\t\t\t\t\t\t\tstyle=\"z-index:7;font-family:'Montserrat';\"\n\t\t\t\t\t\t\t>c \n\t\t\t\t\t\t\t<\/rs-layer><!--\n\n\t\t\t\t\t\t\t--><rs-layer\n\t\t\t\t\t\t\t\tid=\"slider-2-slide-2-layer-25\" \n\t\t\t\t\t\t\t\tclass=\"text-shadow-1\"\n\t\t\t\t\t\t\t\tdata-type=\"text\"\n\t\t\t\t\t\t\t\tdata-color=\"#f9fcff\"\n\t\t\t\t\t\t\t\tdata-rsp_ch=\"on\"\n\t\t\t\t\t\t\t\tdata-xy=\"xo:374px,183px,65px,40px;yo:270px,132px,67px,51px;\"\n\t\t\t\t\t\t\t\tdata-text=\"w:normal;s:171,83,42,42;l:190,93,47,31;ls:-3.6px,-1px,0px,0px;fw:700;\"\n\t\t\t\t\t\t\t\tdata-frame_0=\"x:right;\"\n\t\t\t\t\t\t\t\tdata-frame_1=\"st:500;sp:1000;sR:500;\"\n\t\t\t\t\t\t\t\tdata-frame_999=\"o:0;st:w;sR:7500;\"\n\t\t\t\t\t\t\t\tstyle=\"z-index:8;font-family:'Montserrat';\"\n\t\t\t\t\t\t\t>o \n\t\t\t\t\t\t\t<\/rs-layer><!--\n\n\t\t\t\t\t\t\t--><rs-layer\n\t\t\t\t\t\t\t\tid=\"slider-2-slide-2-layer-26\" \n\t\t\t\t\t\t\t\tclass=\"text-shadow-1\"\n\t\t\t\t\t\t\t\tdata-type=\"text\"\n\t\t\t\t\t\t\t\tdata-color=\"#f9fcff\"\n\t\t\t\t\t\t\t\tdata-rsp_ch=\"on\"\n\t\t\t\t\t\t\t\tdata-xy=\"xo:455px,222px,83px,56px;yo:270px,132px,67px,51px;\"\n\t\t\t\t\t\t\t\tdata-text=\"w:normal;s:171,83,42,42;l:190,93,47,31;ls:-3.6px,-1px,0px,0px;fw:700;\"\n\t\t\t\t\t\t\t\tdata-frame_0=\"x:right;\"\n\t\t\t\t\t\t\t\tdata-frame_1=\"st:700;sp:1000;sR:700;\"\n\t\t\t\t\t\t\t\tdata-frame_999=\"o:0;st:w;sR:7300;\"\n\t\t\t\t\t\t\t\tstyle=\"z-index:9;font-family:'Montserrat';\"\n\t\t\t\t\t\t\t>m \n\t\t\t\t\t\t\t<\/rs-layer><!--\n\n\t\t\t\t\t\t\t--><rs-layer\n\t\t\t\t\t\t\t\tid=\"slider-2-slide-2-layer-27\" \n\t\t\t\t\t\t\t\tclass=\"text-shadow-1\"\n\t\t\t\t\t\t\t\tdata-type=\"text\"\n\t\t\t\t\t\t\t\tdata-color=\"#f9fcff\"\n\t\t\t\t\t\t\t\tdata-rsp_ch=\"on\"\n\t\t\t\t\t\t\t\tdata-xy=\"xo:600px,293px,122px,95px;yo:270px,132px,67px,51px;\"\n\t\t\t\t\t\t\t\tdata-text=\"w:normal;s:171,83,42,42;l:190,93,47,31;ls:-3.6px,-1px,0px,0px;fw:700;\"\n\t\t\t\t\t\t\t\tdata-frame_0=\"x:right;\"\n\t\t\t\t\t\t\t\tdata-frame_1=\"st:900;sp:1000;sR:900;\"\n\t\t\t\t\t\t\t\tdata-frame_999=\"o:0;st:w;sR:7100;\"\n\t\t\t\t\t\t\t\tstyle=\"z-index:10;font-family:'Montserrat';\"\n\t\t\t\t\t\t\t>p<br \/>\n \n\t\t\t\t\t\t\t<\/rs-layer><!--\n\n\t\t\t\t\t\t\t--><rs-layer\n\t\t\t\t\t\t\t\tid=\"slider-2-slide-2-layer-28\" \n\t\t\t\t\t\t\t\tclass=\"text-shadow-1\"\n\t\t\t\t\t\t\t\tdata-type=\"text\"\n\t\t\t\t\t\t\t\tdata-color=\"#f9fcff\"\n\t\t\t\t\t\t\t\tdata-rsp_ch=\"on\"\n\t\t\t\t\t\t\t\tdata-xy=\"xo:693px,339px,145px,121px;yo:270px,132px,67px,51px;\"\n\t\t\t\t\t\t\t\tdata-text=\"w:normal;s:171,83,42,42;l:190,93,47,31;ls:-3.6px,-1px,0px,0px;fw:700;\"\n\t\t\t\t\t\t\t\tdata-frame_0=\"x:right;\"\n\t\t\t\t\t\t\t\tdata-frame_1=\"st:1100;sp:1000;sR:1100;\"\n\t\t\t\t\t\t\t\tdata-frame_999=\"o:0;st:w;sR:6900;\"\n\t\t\t\t\t\t\t\tstyle=\"z-index:11;font-family:'Montserrat';\"\n\t\t\t\t\t\t\t>t<br \/>\n \n\t\t\t\t\t\t\t<\/rs-layer><!--\n\n\t\t\t\t\t\t\t--><rs-layer\n\t\t\t\t\t\t\t\tid=\"slider-2-slide-2-layer-29\" \n\t\t\t\t\t\t\t\tclass=\"text-shadow-1\"\n\t\t\t\t\t\t\t\tdata-type=\"text\"\n\t\t\t\t\t\t\t\tdata-color=\"#f9fcff\"\n\t\t\t\t\t\t\t\tdata-rsp_ch=\"on\"\n\t\t\t\t\t\t\t\tdata-xy=\"xo:730px,357px,159px,130px;yo:270px,132px,67px,51px;\"\n\t\t\t\t\t\t\t\tdata-text=\"w:normal;s:171,83,42,42;l:190,93,47,31;ls:-3.6px,-1px,0px,0px;fw:700;\"\n\t\t\t\t\t\t\t\tdata-frame_0=\"x:right;\"\n\t\t\t\t\t\t\t\tdata-frame_1=\"st:1300;sp:1000;sR:1300;\"\n\t\t\t\t\t\t\t\tdata-frame_999=\"o:0;st:w;sR:6700;\"\n\t\t\t\t\t\t\t\tstyle=\"z-index:12;font-family:'Montserrat';\"\n\t\t\t\t\t\t\t>e \n\t\t\t\t\t\t\t<\/rs-layer><!--\n\n\t\t\t\t\t\t\t--><rs-layer\n\t\t\t\t\t\t\t\tid=\"slider-2-slide-2-layer-32\" \n\t\t\t\t\t\t\t\tclass=\"justify-text\"\n\t\t\t\t\t\t\t\tdata-type=\"text\"\n\t\t\t\t\t\t\t\tdata-rsp_ch=\"on\"\n\t\t\t\t\t\t\t\tdata-xy=\"xo:325px,159px,54px,28px;yo:599px,293px,180px,147px;\"\n\t\t\t\t\t\t\t\tdata-text=\"w:normal;s:17,8,8,12;l:26,12,12,16;ls:0,0,0px,0px;\"\n\t\t\t\t\t\t\t\tdata-dim=\"w:484,236,210px,266px;\"\n\t\t\t\t\t\t\t\tdata-frame_0=\"y:100%;\"\n\t\t\t\t\t\t\t\tdata-frame_1=\"e:power4.inOut;sp:1200;\"\n\t\t\t\t\t\t\t\tdata-frame_999=\"o:0;st:w;sR:7800;\"\n\t\t\t\t\t\t\t\tstyle=\"z-index:6;font-family:'Montserrat';.justify-text { text-align:justify !important;\"\n\t\t\t\t\t\t\t><p style=\"text-align: justify;\">Onze sur Dix incarne l'excellence en consultation marketing. Ce changement de cap, ax\u00e9 sur la strat\u00e9gie et l\u2019accompagnement personnalis\u00e9, refl\u00e8te une vision audacieuse pour r\u00e9pondre aux d\u00e9fis d\u2019un march\u00e9 en constante \u00e9volution. \n\t\t\t\t\t\t\t<\/rs-layer><!--\n\n\t\t\t\t\t\t\t--><rs-layer\n\t\t\t\t\t\t\t\tid=\"slider-2-slide-2-layer-34\" \n\t\t\t\t\t\t\t\tclass=\"cus-btn btn-light rev-btn\"\n\t\t\t\t\t\t\t\tdata-type=\"button\"\n\t\t\t\t\t\t\t\tdata-color=\"#f9fcff\"\n\t\t\t\t\t\t\t\tdata-rsp_ch=\"on\"\n\t\t\t\t\t\t\t\tdata-xy=\"xo:318px,155px,58px,26px;yo:797px,390px,259px,302px;\"\n\t\t\t\t\t\t\t\tdata-text=\"w:normal;s:21,10,12,12;l:30,14,12,16;fw:700;a:center;\"\n\t\t\t\t\t\t\t\tdata-dim=\"minh:0px,none,none,none;\"\n\t\t\t\t\t\t\t\tdata-padding=\"r:25,12,6,4;l:25,12,6,4;\"\n\t\t\t\t\t\t\t\tdata-frame_0=\"y:100%;\"\n\t\t\t\t\t\t\t\tdata-frame_1=\"e:power4.inOut;sp:1200;\"\n\t\t\t\t\t\t\t\tdata-frame_999=\"o:0;st:w;sR:7800;\"\n\t\t\t\t\t\t\t\tdata-frame_hover=\"c:#f9fcff;bgc:rgba(0,0,0,0);boc:rgba(255,255,255,0.75);bor:0px,0px,0px,0px;bos:solid;bow:0px,0px,0px,0px;e:power1.inOut;\"\n\t\t\t\t\t\t\t\tstyle=\"z-index:21;background-color:rgba(0,0,0,0);font-family:'Montserrat';\"\n\t\t\t\t\t\t\t>Contactez-nous \n\t\t\t\t\t\t\t<\/rs-layer><!--\n-->\t\t\t\t\t\t<\/rs-slide>\n\t\t\t\t\t<\/rs-slides>\n\t\t\t\t<\/rs-module>\n\t\t\t\t<script>\n\t\t\t\t\tsetREVStartSize({c: 'rev_slider_2_1',rl:[1240,1024,778,480],el:[1018,546.997,450,350],gw:[1920,940,480,320],gh:[1018,547,450,350],type:'standard',justify:'',layout:'fullscreen',offsetContainer:'',offset:'',mh:\"0\"});if (window.RS_MODULES!==undefined && window.RS_MODULES.modules!==undefined && window.RS_MODULES.modules[\"revslider21\"]!==undefined) {window.RS_MODULES.modules[\"revslider21\"].once = false;window.revapi2 = undefined;if (window.RS_MODULES.checkMinimal!==undefined) window.RS_MODULES.checkMinimal()}\n\t\t\t\t<\/script>\n\t\t\t<\/rs-module-wrap>\n\t\t\t<!-- END REVOLUTION SLIDER -->\n<\/div>\n<\/div><\/div>\n<\/div>\n<\/div>\n<\/div>\n<\/div>\n<\/div>\n<div id=\"cmsmasters_row_cww2fywxbg\" class=\"cmsmasters_row cmsmasters_color_scheme_default cmsmasters_row_top_default cmsmasters_row_bot_default cmsmasters_row_fullwidth\">\n<div class=\"cmsmasters_row_outer_parent\">\n<div class=\"cmsmasters_row_outer\">\n<div class=\"cmsmasters_row_inner cmsmasters_row_fullwidth\">\n<div class=\"cmsmasters_row_margin\">\n<div id=\"cmsmasters_column_yd2luln7nu\" class=\"cmsmasters_column one_first\">\n<div class=\"cmsmasters_column_inner\"><div class=\"custom_html\">\n\n<div class=\"container\">\n<div class=\"content\">\n<h1 class=\"title\">Design graphique<\/h1>\n<div class=\"divider\"><\/div>\n<p class=\"description\">\n           De l\u2019exploration initiale jusqu'\u00e0 la conception finale, en passant par l\u2019industrialisation, le design de vos produits est au c\u0153ur de votre strat\u00e9gie de mise en march\u00e9. Avec plus de 15 ans d'exp\u00e9rience, nos graphistes travaillent en \u00e9troite collaboration avec vous pour cr\u00e9er des visuels qui se d\u00e9marquent, tout en s\u2019appuyant sur notre r\u00e9seau de fournisseurs certifi\u00e9s pour garantir une qualit\u00e9 optimale et une coh\u00e9rence de production. Nous comprenons l'importance du design dans la perception de votre marque. C'est pourquoi nous offrons un service de consultation en design graphique qui vous aide \u00e0 d\u00e9finir des \u00e9l\u00e9ments visuels puissants et percutants, captant ainsi l'attention de votre audience. Que ce soit pour du packaging, des supports imprim\u00e9s ou des visuels num\u00e9riques, nous vous accompagnons \u00e0 chaque \u00e9tape pour assurer un impact visuel qui renforce l'identit\u00e9 de votre marque.\n        <\/p>\n<\/p><\/div>\n<div class=\"image-container\">\n    <video autoplay muted loop playsinline style=\"width:100%; height:100%; object-fit:cover;\"><source src=\"https:\/\/dev.onzesurdix.ca\/onzesurdix\/wp-content\/uploads\/2025\/08\/Animate_this_product_202508260910-1.mp4\" type=\"video\/mp4\"><\/video>\n  <\/div>\n<\/div>\n<p>https:\/\/dev.onzesurdix.ca\/onzesurdix\/wp-admin\/post.php?post=15377&action=edit#<\/p>\n<\/div>\n<\/div><\/div>\n<\/div>\n<\/div>\n<\/div>\n<\/div>\n<\/div>\n<div id=\"cmsmasters_row_2uoa63bs6d\" class=\"cmsmasters_row cmsmasters_color_scheme_default cmsmasters_row_top_default cmsmasters_row_bot_default cmsmasters_row_boxed\">\n<div class=\"cmsmasters_row_outer_parent\">\n<div class=\"cmsmasters_row_outer\">\n<div class=\"cmsmasters_row_inner\">\n<div class=\"cmsmasters_row_margin\">\n<div id=\"cmsmasters_column_6q3c1b1lob\" class=\"cmsmasters_column one_first\">\n<div class=\"cmsmasters_column_inner\"><div class=\"cmsmasters_text\">\n<h2 style=\"text-align: center; font-size: 3rem; font-weight: bold;\">PRENONS CONTACT !<\/h2>\n<\/div>\n<\/div><\/div>\n<\/div>\n<\/div>\n<\/div>\n<\/div>\n<\/div>\n\n","protected":false},"excerpt":{"rendered":"","protected":false},"author":1,"featured_media":0,"parent":0,"menu_order":0,"comment_status":"closed","ping_status":"closed","template":"","meta":{"footnotes":""},"class_list":["post-15377","page","type-page","status-publish","hentry"],"_links":{"self":[{"href":"https:\/\/dev.onzesurdix.ca\/onzesurdix\/wp-json\/wp\/v2\/pages\/15377","targetHints":{"allow":["GET"]}}],"collection":[{"href":"https:\/\/dev.onzesurdix.ca\/onzesurdix\/wp-json\/wp\/v2\/pages"}],"about":[{"href":"https:\/\/dev.onzesurdix.ca\/onzesurdix\/wp-json\/wp\/v2\/types\/page"}],"author":[{"embeddable":true,"href":"https:\/\/dev.onzesurdix.ca\/onzesurdix\/wp-json\/wp\/v2\/users\/1"}],"replies":[{"embeddable":true,"href":"https:\/\/dev.onzesurdix.ca\/onzesurdix\/wp-json\/wp\/v2\/comments?post=15377"}],"version-history":[{"count":4,"href":"https:\/\/dev.onzesurdix.ca\/onzesurdix\/wp-json\/wp\/v2\/pages\/15377\/revisions"}],"predecessor-version":[{"id":15576,"href":"https:\/\/dev.onzesurdix.ca\/onzesurdix\/wp-json\/wp\/v2\/pages\/15377\/revisions\/15576"}],"wp:attachment":[{"href":"https:\/\/dev.onzesurdix.ca\/onzesurdix\/wp-json\/wp\/v2\/media?parent=15377"}],"curies":[{"name":"wp","href":"https:\/\/api.w.org\/{rel}","templated":true}]}}